{"id":987,"date":"2025-01-22T13:53:11","date_gmt":"2025-01-22T12:53:11","guid":{"rendered":"https:\/\/physio-spaeti.ch\/?page_id=987"},"modified":"2025-01-31T21:25:24","modified_gmt":"2025-01-31T20:25:24","slug":"about-me","status":"publish","type":"page","link":"https:\/\/physio-spaeti.ch\/index.php\/about-me\/","title":{"rendered":"About me"},"content":{"rendered":"\n<div class=\"wp-block-media-text is-stacked-on-mobile\" style=\"grid-template-columns:34% auto\"><figure class=\"wp-block-media-text__media\"><img loading=\"lazy\" decoding=\"async\" width=\"580\" height=\"759\" src=\"https:\/\/physio-spaeti.ch\/wp-content\/uploads\/2025\/01\/mee.jpg\" alt=\"\" class=\"wp-image-1042 size-full\" srcset=\"https:\/\/physio-spaeti.ch\/wp-content\/uploads\/2025\/01\/mee.jpg 580w, https:\/\/physio-spaeti.ch\/wp-content\/uploads\/2025\/01\/mee-229x300.jpg 229w\" sizes=\"auto, (max-width: 580px) 100vw, 580px\" \/><\/figure><div class=\"wp-block-media-text__content\">\n<p>Hoi, ich bin Nadine, dipl. Physiotherapeutin FH, zertifizierte Babymassage-Kursleiterin und Mama von zwei wundervollen Kindern. Aus eigener Erfahrung wei\u00df ich, wie wertvoll Ber\u00fchrung f\u00fcr die Entwicklung und das Wohlbefinden eines Babys ist. In meinen Kursen zeige ich dir, wie du mit sanften Massagegriffen nicht nur die Bindung zu deinem Baby st\u00e4rkst, sondern auch seine Entspannung, Verdauung und motorische Entwicklung unterst\u00fctzt. Ich freue mich darauf, dich und dein Baby auf dieser besonderen Reise zu begleiten!<\/p>\n\n\n\n<p>Meine FaGe Ausbildung bildete die Grundlage f\u00fcr meinen weiteren beruflichen Werdegang. 2015 schloss ich das Studium Bachelor of Science in Physicaltherapy FH ab und bin seither in Privatpraxen und Kliniken t\u00e4tig.<\/p>\n\n\n\n<p>Seit 2022 f\u00fchre ich leidenschaftlich gerne und aus tiefsten Herzen Babymassagekurse nach IAIM durch.<\/p>\n<\/div><\/div>\n","protected":false},"excerpt":{"rendered":"<p>Hoi, ich bin Nadine, dipl. Physiotherapeutin FH, zertifizierte Babymassage-Kursleiterin und Mama von zwei wundervollen Kindern. Aus eigener Erfahrung wei\u00df ich, wie wertvoll Ber\u00fchrung f\u00fcr die Entwicklung und das Wohlbefinden eines Babys ist. In meinen Kursen zeige ich dir, wie du mit sanften Massagegriffen nicht nur die Bindung zu deinem Baby st\u00e4rkst, sondern auch seine Entspannung, [&hellip;]<\/p>\n","protected":false},"author":2,"featured_media":0,"parent":0,"menu_order":0,"comment_status":"closed","ping_status":"closed","template":"","meta":{"_themeisle_gutenberg_block_has_review":false,"footnotes":""},"class_list":["post-987","page","type-page","status-publish","hentry"],"_links":{"self":[{"href":"https:\/\/physio-spaeti.ch\/index.php\/wp-json\/wp\/v2\/pages\/987","targetHints":{"allow":["GET"]}}],"collection":[{"href":"https:\/\/physio-spaeti.ch\/index.php\/wp-json\/wp\/v2\/pages"}],"about":[{"href":"https:\/\/physio-spaeti.ch\/index.php\/wp-json\/wp\/v2\/types\/page"}],"author":[{"embeddable":true,"href":"https:\/\/physio-spaeti.ch\/index.php\/wp-json\/wp\/v2\/users\/2"}],"replies":[{"embeddable":true,"href":"https:\/\/physio-spaeti.ch\/index.php\/wp-json\/wp\/v2\/comments?post=987"}],"version-history":[{"count":5,"href":"https:\/\/physio-spaeti.ch\/index.php\/wp-json\/wp\/v2\/pages\/987\/revisions"}],"predecessor-version":[{"id":1043,"href":"https:\/\/physio-spaeti.ch\/index.php\/wp-json\/wp\/v2\/pages\/987\/revisions\/1043"}],"wp:attachment":[{"href":"https:\/\/physio-spaeti.ch\/index.php\/wp-json\/wp\/v2\/media?parent=987"}],"curies":[{"name":"wp","href":"https:\/\/api.w.org\/{rel}","templated":true}]}}