{"id":1127,"date":"2026-05-09T20:48:33","date_gmt":"2026-05-09T18:48:33","guid":{"rendered":"https:\/\/physio-spaeti.ch\/?page_id=1127"},"modified":"2026-05-09T20:48:33","modified_gmt":"2026-05-09T18:48:33","slug":"retreat","status":"publish","type":"page","link":"https:\/\/physio-spaeti.ch\/index.php\/retreat\/","title":{"rendered":"Retreat"},"content":{"rendered":"\n<p>Wenn dir eine Pause verordnet wird und du nicht so recht weisst, wie du sie f\u00fcr dich nutzen kannst, bist du bei uns genau richtig. Bei uns verbinden sich <strong>westliche und \u00f6stliche Ans\u00e4tze<\/strong> rund um K\u00f6rper und Geist. Im Mittelpunkt stehen Zeit, Aufmerksamkeit und der Raum, deine ganz pers\u00f6nliche, bewusste \u201eHeilungsstrategie\u201c zu entwickeln.<\/p>\n\n\n\n<p>Als <strong>diplomierte Physiotherapeutin und Pilatesinstruktorin<\/strong>, bringe ich fundiertes Wissen aus der <strong>westlichen Medizin<\/strong> ein. Mein Ziel ist es, dein k\u00f6rperliches und psychisches Wohlbefinden gezielt zu unterst\u00fctzen und nachhaltig zu f\u00f6rdern.<\/p>\n\n\n\n<div id=\"wp-block-themeisle-blocks-advanced-columns-eb162133\" class=\"wp-block-themeisle-blocks-advanced-columns has-3-columns has-desktop-equal-layout has-tablet-equal-layout has-mobile-collapsedRows-layout has-vertical-unset\"><div class=\"wp-block-themeisle-blocks-advanced-columns-overlay\"><\/div><div class=\"innerblocks-wrap\">\n<div id=\"wp-block-themeisle-blocks-advanced-column-4e840f48\" class=\"wp-block-themeisle-blocks-advanced-column\">\n<div class=\"wp-block-cover\"><img loading=\"lazy\" decoding=\"async\" width=\"768\" height=\"1024\" class=\"wp-block-cover__image-background wp-image-1150\" alt=\"\" src=\"https:\/\/physio-spaeti.ch\/wp-content\/uploads\/2026\/05\/20250828_153530-768x1024.jpg\" data-object-fit=\"cover\" srcset=\"https:\/\/physio-spaeti.ch\/wp-content\/uploads\/2026\/05\/20250828_153530-768x1024.jpg 768w, https:\/\/physio-spaeti.ch\/wp-content\/uploads\/2026\/05\/20250828_153530-225x300.jpg 225w, https:\/\/physio-spaeti.ch\/wp-content\/uploads\/2026\/05\/20250828_153530-1152x1536.jpg 1152w, https:\/\/physio-spaeti.ch\/wp-content\/uploads\/2026\/05\/20250828_153530-1536x2048.jpg 1536w, https:\/\/physio-spaeti.ch\/wp-content\/uploads\/2026\/05\/20250828_153530-scaled.jpg 1920w\" sizes=\"auto, (max-width: 768px) 100vw, 768px\" \/><span aria-hidden=\"true\" class=\"wp-block-cover__background has-background-dim\"><\/span><div class=\"wp-block-cover__inner-container is-layout-flow wp-block-cover-is-layout-flow\">\n<p class=\"has-text-align-center\" style=\"font-size:clamp(14px, 0.875rem + ((1vw - 3.2px) * 0.227), 16px);\"><strong>Pilates: <\/strong>Ganzk\u00f6rpertraining mit Rumpfstabilisation, Atembewusstsein und physischer Pr\u00e4zision durch gezielte \u00dcbungen f\u00fcr Kraft und Haltung.<\/p>\n<\/div><\/div>\n<\/div>\n\n\n\n<div id=\"wp-block-themeisle-blocks-advanced-column-96bbbb57\" class=\"wp-block-themeisle-blocks-advanced-column\">\n<div class=\"wp-block-cover\"><img loading=\"lazy\" decoding=\"async\" width=\"768\" height=\"1024\" class=\"wp-block-cover__image-background wp-image-1147\" alt=\"\" src=\"https:\/\/physio-spaeti.ch\/wp-content\/uploads\/2026\/05\/20250815_211541-768x1024.jpg\" data-object-fit=\"cover\" srcset=\"https:\/\/physio-spaeti.ch\/wp-content\/uploads\/2026\/05\/20250815_211541-768x1024.jpg 768w, https:\/\/physio-spaeti.ch\/wp-content\/uploads\/2026\/05\/20250815_211541-225x300.jpg 225w, https:\/\/physio-spaeti.ch\/wp-content\/uploads\/2026\/05\/20250815_211541-1152x1536.jpg 1152w, https:\/\/physio-spaeti.ch\/wp-content\/uploads\/2026\/05\/20250815_211541-1536x2048.jpg 1536w, https:\/\/physio-spaeti.ch\/wp-content\/uploads\/2026\/05\/20250815_211541-scaled.jpg 1920w\" sizes=\"auto, (max-width: 768px) 100vw, 768px\" \/><span aria-hidden=\"true\" class=\"wp-block-cover__background has-background-dim\"><\/span><div class=\"wp-block-cover__inner-container is-layout-flow wp-block-cover-is-layout-flow\">\n<p class=\"has-text-align-center\" style=\"font-size:clamp(14px, 0.875rem + ((1vw - 3.2px) * 0.227), 16px);\"><strong>Meditationen und Pranayama f\u00fcr innere Ruhe<\/strong>: Gef\u00fchrte Einheiten mit deiner Seele und Atmung, die dich dabei unterst\u00fctzen, dein Nervensystem und Geist zu kl\u00e4ren und zur Ruhe zu kommen.<\/p>\n<\/div><\/div>\n<\/div>\n\n\n\n<div id=\"wp-block-themeisle-blocks-advanced-column-4014fc89\" class=\"wp-block-themeisle-blocks-advanced-column\">\n<div class=\"wp-block-cover\"><img loading=\"lazy\" decoding=\"async\" width=\"1920\" height=\"2560\" class=\"wp-block-cover__image-background wp-image-1156\" alt=\"\" src=\"https:\/\/physio-spaeti.ch\/wp-content\/uploads\/2026\/05\/20250828_153646-edited-2-scaled.jpg\" data-object-fit=\"cover\" srcset=\"https:\/\/physio-spaeti.ch\/wp-content\/uploads\/2026\/05\/20250828_153646-edited-2-scaled.jpg 1920w, https:\/\/physio-spaeti.ch\/wp-content\/uploads\/2026\/05\/20250828_153646-edited-2-225x300.jpg 225w, https:\/\/physio-spaeti.ch\/wp-content\/uploads\/2026\/05\/20250828_153646-edited-2-768x1024.jpg 768w, https:\/\/physio-spaeti.ch\/wp-content\/uploads\/2026\/05\/20250828_153646-edited-2-1152x1536.jpg 1152w, https:\/\/physio-spaeti.ch\/wp-content\/uploads\/2026\/05\/20250828_153646-edited-2-1536x2048.jpg 1536w\" sizes=\"auto, (max-width: 1920px) 100vw, 1920px\" \/><span aria-hidden=\"true\" class=\"wp-block-cover__background has-background-dim\"><\/span><div class=\"wp-block-cover__inner-container is-layout-flow wp-block-cover-is-layout-flow\">\n<p class=\"has-text-align-center\" style=\"font-size:clamp(14px, 0.875rem + ((1vw - 3.2px) * 0.227), 16px);\"><strong>Therapeutisches Yoga (Iyengar &amp; Ashtanga)<\/strong>: Finde Stabilit\u00e4t, Kraft und Leichtigkeit in deinem K\u00f6rper \u2013 angepasst an deine individuellen Bed\u00fcrfnisse.<\/p>\n<\/div><\/div>\n<\/div>\n<\/div><\/div>\n\n\n\n<p><a href=\"https:\/\/www.candyroxo.com\/\" data-type=\"link\" data-id=\"https:\/\/www.candyroxo.com\/\">Candy Zimmermann<\/a>, <strong>Yogalehrerin und TCM-Therapeutin<\/strong>, verbindet die Prinzipien von Yin und Yang aus der <strong>asiatischen Gesundheitslehre.<\/strong> Sie arbeitet darauf hin, dein inneres Gleichgewicht zu st\u00e4rken und den Energiefluss in K\u00f6rper und Geist in Harmonie zu bringen<\/p>\n\n\n\n<div id=\"wp-block-themeisle-blocks-advanced-columns-ba562783\" class=\"wp-block-themeisle-blocks-advanced-columns has-3-columns has-desktop-equal-layout has-tablet-equal-layout has-mobile-collapsedRows-layout has-vertical-unset\"><div class=\"wp-block-themeisle-blocks-advanced-columns-overlay\"><\/div><div class=\"innerblocks-wrap\">\n<div id=\"wp-block-themeisle-blocks-advanced-column-7d020824\" class=\"wp-block-themeisle-blocks-advanced-column\">\n<div class=\"wp-block-cover\"><img loading=\"lazy\" decoding=\"async\" width=\"1024\" height=\"747\" class=\"wp-block-cover__image-background wp-image-1161\" alt=\"\" src=\"https:\/\/physio-spaeti.ch\/wp-content\/uploads\/2026\/05\/086c38_1ea6501635554f6388b53afa4d351f80mv2-1024x747.png\" data-object-fit=\"cover\" srcset=\"https:\/\/physio-spaeti.ch\/wp-content\/uploads\/2026\/05\/086c38_1ea6501635554f6388b53afa4d351f80mv2-1024x747.png 1024w, https:\/\/physio-spaeti.ch\/wp-content\/uploads\/2026\/05\/086c38_1ea6501635554f6388b53afa4d351f80mv2-300x219.png 300w, https:\/\/physio-spaeti.ch\/wp-content\/uploads\/2026\/05\/086c38_1ea6501635554f6388b53afa4d351f80mv2-768x560.png 768w, https:\/\/physio-spaeti.ch\/wp-content\/uploads\/2026\/05\/086c38_1ea6501635554f6388b53afa4d351f80mv2.png 1050w\" sizes=\"auto, (max-width: 1024px) 100vw, 1024px\" \/><span aria-hidden=\"true\" class=\"wp-block-cover__background has-background-dim\"><\/span><div class=\"wp-block-cover__inner-container is-layout-flow wp-block-cover-is-layout-flow\">\n<p class=\"has-text-align-center\" style=\"font-size:clamp(14px, 0.875rem + ((1vw - 3.2px) * 0.227), 16px);\"><strong>Tee Zeremonie<\/strong>: Ein herz\u00f6ffnendes Erlebnis, das dich einl\u00e4dt, innezuhalten, dich zu verbinden und in einem gesch\u00fctzten Raum neue Klarheit zu finden.<\/p>\n<\/div><\/div>\n<\/div>\n\n\n\n<div id=\"wp-block-themeisle-blocks-advanced-column-ba8cb667\" class=\"wp-block-themeisle-blocks-advanced-column\"><\/div>\n\n\n\n<div id=\"wp-block-themeisle-blocks-advanced-column-e7acac68\" class=\"wp-block-themeisle-blocks-advanced-column\">\n<div class=\"wp-block-cover\" style=\"min-height:430px;aspect-ratio:unset;\"><img loading=\"lazy\" decoding=\"async\" width=\"800\" height=\"920\" class=\"wp-block-cover__image-background wp-image-1152\" alt=\"\" src=\"https:\/\/physio-spaeti.ch\/wp-content\/uploads\/2026\/05\/laurent_lepeule__bourgogne-franche-comte_tourisme-bfc_0019534-800x920-1646223496-1.jpg\" data-object-fit=\"cover\" srcset=\"https:\/\/physio-spaeti.ch\/wp-content\/uploads\/2026\/05\/laurent_lepeule__bourgogne-franche-comte_tourisme-bfc_0019534-800x920-1646223496-1.jpg 800w, https:\/\/physio-spaeti.ch\/wp-content\/uploads\/2026\/05\/laurent_lepeule__bourgogne-franche-comte_tourisme-bfc_0019534-800x920-1646223496-1-261x300.jpg 261w, https:\/\/physio-spaeti.ch\/wp-content\/uploads\/2026\/05\/laurent_lepeule__bourgogne-franche-comte_tourisme-bfc_0019534-800x920-1646223496-1-768x883.jpg 768w\" sizes=\"auto, (max-width: 800px) 100vw, 800px\" \/><span aria-hidden=\"true\" class=\"wp-block-cover__background has-background-dim\"><\/span><div class=\"wp-block-cover__inner-container is-layout-flow wp-block-cover-is-layout-flow\">\n<p class=\"has-text-align-center\" style=\"font-size:clamp(14px, 0.875rem + ((1vw - 3.2px) * 0.227), 16px);\"><strong>Individuelle TCM-Gesichtsdiagnose<\/strong> Jeder Teilnehmer erh\u00e4lt eine pers\u00f6nliche 20-min\u00fctige Analyse mit wertvollen Impulsen und drei individuell abgestimmten Akupressurpunkten f\u00fcr mehr Wohlbefinden im Alltag.<\/p>\n<\/div><\/div>\n<\/div>\n<\/div><\/div>\n\n\n\n<p><\/p>\n\n\n\n<p><strong>Wann:<\/strong> Freitag 11. September bis Sonntag 13. September in La Cluse et Mijoux, Frankreich.<\/p>\n\n\n\n<p><strong>Kosten:<\/strong> 450.- Fr. all inclusive<\/p>\n\n\n\n<p><strong>Anzahl Teilnehmer:<\/strong> 8 Personen<\/p>\n\n\n\n<p><strong>Anmeldung:<\/strong> mnadine@bluewin.ch oder info@physio-spaeti.ch<\/p>\n\n\n\n<p><\/p>\n\n\n\n<div id=\"wp-block-themeisle-blocks-advanced-columns-27d02a36\" class=\"wp-block-themeisle-blocks-advanced-columns has-2-columns has-desktop-equal-layout has-tablet-equal-layout has-mobile-collapsedRows-layout has-vertical-unset\"><div class=\"wp-block-themeisle-blocks-advanced-columns-overlay\"><\/div><div class=\"innerblocks-wrap\">\n<div id=\"wp-block-themeisle-blocks-advanced-column-1c5f0863\" class=\"wp-block-themeisle-blocks-advanced-column\">\n<div id=\"wp-block-themeisle-blocks-advanced-columns-b356d34a\" class=\"wp-block-themeisle-blocks-advanced-columns has-1-columns has-desktop-equal-layout has-tablet-equal-layout has-mobile-equal-layout has-vertical-unset\"><div class=\"wp-block-themeisle-blocks-advanced-columns-overlay\"><\/div><div class=\"innerblocks-wrap\">\n<div id=\"wp-block-themeisle-blocks-advanced-column-812ce7f3\" class=\"wp-block-themeisle-blocks-advanced-column\">\n<div class=\"wp-block-cover is-light\"><img loading=\"lazy\" decoding=\"async\" width=\"800\" height=\"920\" class=\"wp-block-cover__image-background wp-image-1131\" alt=\"\" src=\"https:\/\/physio-spaeti.ch\/wp-content\/uploads\/2026\/05\/laurent_lepeule__bourgogne-franche-comte_tourisme-bfc_0019534-800x920-1646223496.jpg\" style=\"object-position:44% 39%\" data-object-fit=\"cover\" data-object-position=\"44% 39%\" srcset=\"https:\/\/physio-spaeti.ch\/wp-content\/uploads\/2026\/05\/laurent_lepeule__bourgogne-franche-comte_tourisme-bfc_0019534-800x920-1646223496.jpg 800w, https:\/\/physio-spaeti.ch\/wp-content\/uploads\/2026\/05\/laurent_lepeule__bourgogne-franche-comte_tourisme-bfc_0019534-800x920-1646223496-261x300.jpg 261w, https:\/\/physio-spaeti.ch\/wp-content\/uploads\/2026\/05\/laurent_lepeule__bourgogne-franche-comte_tourisme-bfc_0019534-800x920-1646223496-768x883.jpg 768w\" sizes=\"auto, (max-width: 800px) 100vw, 800px\" \/><span aria-hidden=\"true\" class=\"wp-block-cover__background has-background-dim-10 has-background-dim\"><\/span><div class=\"wp-block-cover__inner-container is-layout-flow wp-block-cover-is-layout-flow\">\n<p class=\"has-text-align-center has-large-font-size\"><\/p>\n<\/div><\/div>\n<\/div>\n<\/div><\/div>\n<\/div>\n\n\n\n<div id=\"wp-block-themeisle-blocks-advanced-column-bdfdc127\" class=\"wp-block-themeisle-blocks-advanced-column\">\n<p>Inhalt Retreat <\/p>\n\n\n\n<ul class=\"wp-block-list\">\n<li>2x \u00dcbernachtungen im Doppelbett oder mit Aufpreis(100.-Fr) in Einzelbett<\/li>\n\n\n\n<li>Yoga<\/li>\n\n\n\n<li>Pilates<\/li>\n\n\n\n<li>gef\u00fchrte Meditationen und Pranayama<\/li>\n\n\n\n<li>pers\u00f6nliche TCM-Session<\/li>\n\n\n\n<li>Tee Zeremonie<\/li>\n\n\n\n<li>gef\u00fchrte leichte Wanderung auf die Burg &#171;Chateaux de Joux&#187;<\/li>\n\n\n\n<li>Soul Food: Brunch\/Snacks\/warmes Znacht<\/li>\n\n\n\n<li>charmante Villa mit Garten, Grillstelle und aufgestellten Pool<\/li>\n<\/ul>\n\n\n\n<p>Alles ist machbar- muss aber nicht! Du entscheidest ganz spontan, was dich anspricht.<\/p>\n\n\n\n<p><\/p>\n\n\n\n<div id=\"wp-block-themeisle-blocks-advanced-columns-416b416d\" class=\"wp-block-themeisle-blocks-advanced-columns has-1-columns has-desktop-equal-layout has-tablet-equal-layout has-mobile-equal-layout has-vertical-unset\"><div class=\"wp-block-themeisle-blocks-advanced-columns-overlay\"><\/div><div class=\"innerblocks-wrap\">\n<div id=\"wp-block-themeisle-blocks-advanced-column-9d6dd6e4\" class=\"wp-block-themeisle-blocks-advanced-column\">\n<div id=\"wp-block-themeisle-blocks-advanced-columns-72f03226\" class=\"wp-block-themeisle-blocks-advanced-columns has-1-columns has-desktop-equal-layout has-tablet-equal-layout has-mobile-equal-layout has-vertical-unset\"><div class=\"wp-block-themeisle-blocks-advanced-columns-overlay\"><\/div><div class=\"innerblocks-wrap\">\n<div id=\"wp-block-themeisle-blocks-advanced-column-78412153\" class=\"wp-block-themeisle-blocks-advanced-column\"><\/div>\n<\/div><\/div>\n<\/div>\n<\/div><\/div>\n<\/div>\n<\/div><\/div>\n","protected":false},"excerpt":{"rendered":"<p>Wenn dir eine Pause verordnet wird und du nicht so recht weisst, wie du sie f\u00fcr dich nutzen kannst, bist du bei uns genau richtig. Bei uns verbinden sich westliche und \u00f6stliche Ans\u00e4tze rund um K\u00f6rper und Geist. Im Mittelpunkt stehen Zeit, Aufmerksamkeit und der Raum, deine ganz pers\u00f6nliche, bewusste \u201eHeilungsstrategie\u201c zu entwickeln. Als diplomierte [&hellip;]<\/p>\n","protected":false},"author":2,"featured_media":0,"parent":0,"menu_order":0,"comment_status":"closed","ping_status":"closed","template":"","meta":{"_themeisle_gutenberg_block_has_review":false,"footnotes":""},"class_list":["post-1127","page","type-page","status-publish","hentry"],"_links":{"self":[{"href":"https:\/\/physio-spaeti.ch\/index.php\/wp-json\/wp\/v2\/pages\/1127","targetHints":{"allow":["GET"]}}],"collection":[{"href":"https:\/\/physio-spaeti.ch\/index.php\/wp-json\/wp\/v2\/pages"}],"about":[{"href":"https:\/\/physio-spaeti.ch\/index.php\/wp-json\/wp\/v2\/types\/page"}],"author":[{"embeddable":true,"href":"https:\/\/physio-spaeti.ch\/index.php\/wp-json\/wp\/v2\/users\/2"}],"replies":[{"embeddable":true,"href":"https:\/\/physio-spaeti.ch\/index.php\/wp-json\/wp\/v2\/comments?post=1127"}],"version-history":[{"count":22,"href":"https:\/\/physio-spaeti.ch\/index.php\/wp-json\/wp\/v2\/pages\/1127\/revisions"}],"predecessor-version":[{"id":1162,"href":"https:\/\/physio-spaeti.ch\/index.php\/wp-json\/wp\/v2\/pages\/1127\/revisions\/1162"}],"wp:attachment":[{"href":"https:\/\/physio-spaeti.ch\/index.php\/wp-json\/wp\/v2\/media?parent=1127"}],"curies":[{"name":"wp","href":"https:\/\/api.w.org\/{rel}","templated":true}]}}