{"id":1076,"date":"2025-02-01T21:45:30","date_gmt":"2025-02-01T20:45:30","guid":{"rendered":"https:\/\/physio-spaeti.ch\/?page_id=1076"},"modified":"2025-02-02T20:02:54","modified_gmt":"2025-02-02T19:02:54","slug":"impressionen","status":"publish","type":"page","link":"https:\/\/physio-spaeti.ch\/index.php\/impressionen\/","title":{"rendered":"Impressionen"},"content":{"rendered":"\n<p>Ein herzliches Dankesch\u00f6n f\u00fcr das Vertrauen und die Unterst\u00fctzung! Es war eine Freude, die Babys und Eltern im Kurs begleiten zu d\u00fcrfen und ihre Fortschritte zu erleben.<\/p>\n\n\n\n<p>Ich freuen mich, einige der im Kurs entstandenen Fotos und Bilder nutzen zu d\u00fcrfen, um die besonderen Momente festzuhalten und zu teilen.<\/p>\n\n\n\n<p>Vielen Dank f\u00fcr das Vertrauen \u2013 ich freue mich auf weitere tolle Erlebnisse!<\/p>\n\n\n\n<figure class=\"wp-block-gallery has-nested-images columns-default is-cropped wp-block-gallery-1 is-layout-flex wp-block-gallery-is-layout-flex\">\n<figure class=\"wp-block-image size-large\"><img loading=\"lazy\" decoding=\"async\" width=\"1024\" height=\"768\" data-id=\"1072\" src=\"https:\/\/physio-spaeti.ch\/wp-content\/uploads\/2025\/02\/IMG_20230208_101519-1024x768.jpg\" alt=\"\" class=\"wp-image-1072\" srcset=\"https:\/\/physio-spaeti.ch\/wp-content\/uploads\/2025\/02\/IMG_20230208_101519-1024x768.jpg 1024w, https:\/\/physio-spaeti.ch\/wp-content\/uploads\/2025\/02\/IMG_20230208_101519-300x225.jpg 300w, https:\/\/physio-spaeti.ch\/wp-content\/uploads\/2025\/02\/IMG_20230208_101519-768x576.jpg 768w, https:\/\/physio-spaeti.ch\/wp-content\/uploads\/2025\/02\/IMG_20230208_101519-1536x1152.jpg 1536w, https:\/\/physio-spaeti.ch\/wp-content\/uploads\/2025\/02\/IMG_20230208_101519-2048x1536.jpg 2048w\" sizes=\"auto, (max-width: 1024px) 100vw, 1024px\" \/><\/figure>\n\n\n\n<figure class=\"wp-block-image size-large\"><img loading=\"lazy\" decoding=\"async\" width=\"768\" height=\"1024\" data-id=\"1073\" src=\"https:\/\/physio-spaeti.ch\/wp-content\/uploads\/2025\/02\/IMG_20230208_105209-768x1024.jpg\" alt=\"\" class=\"wp-image-1073\" srcset=\"https:\/\/physio-spaeti.ch\/wp-content\/uploads\/2025\/02\/IMG_20230208_105209-768x1024.jpg 768w, https:\/\/physio-spaeti.ch\/wp-content\/uploads\/2025\/02\/IMG_20230208_105209-225x300.jpg 225w, https:\/\/physio-spaeti.ch\/wp-content\/uploads\/2025\/02\/IMG_20230208_105209-1152x1536.jpg 1152w, https:\/\/physio-spaeti.ch\/wp-content\/uploads\/2025\/02\/IMG_20230208_105209-1536x2048.jpg 1536w, https:\/\/physio-spaeti.ch\/wp-content\/uploads\/2025\/02\/IMG_20230208_105209-scaled.jpg 1920w\" sizes=\"auto, (max-width: 768px) 100vw, 768px\" \/><\/figure>\n\n\n\n<figure class=\"wp-block-image size-large\"><img loading=\"lazy\" decoding=\"async\" width=\"768\" height=\"1024\" data-id=\"1074\" src=\"https:\/\/physio-spaeti.ch\/wp-content\/uploads\/2025\/02\/IMG_20230201_103223-768x1024.jpg\" alt=\"\" class=\"wp-image-1074\" srcset=\"https:\/\/physio-spaeti.ch\/wp-content\/uploads\/2025\/02\/IMG_20230201_103223-768x1024.jpg 768w, https:\/\/physio-spaeti.ch\/wp-content\/uploads\/2025\/02\/IMG_20230201_103223-225x300.jpg 225w, https:\/\/physio-spaeti.ch\/wp-content\/uploads\/2025\/02\/IMG_20230201_103223-1152x1536.jpg 1152w, https:\/\/physio-spaeti.ch\/wp-content\/uploads\/2025\/02\/IMG_20230201_103223-1536x2048.jpg 1536w, https:\/\/physio-spaeti.ch\/wp-content\/uploads\/2025\/02\/IMG_20230201_103223-scaled.jpg 1920w\" sizes=\"auto, (max-width: 768px) 100vw, 768px\" \/><\/figure>\n\n\n\n<figure class=\"wp-block-image size-large\"><img loading=\"lazy\" decoding=\"async\" width=\"1024\" height=\"768\" data-id=\"1079\" src=\"https:\/\/physio-spaeti.ch\/wp-content\/uploads\/2025\/02\/20240326_105704-1024x768.jpg\" alt=\"\" class=\"wp-image-1079\" srcset=\"https:\/\/physio-spaeti.ch\/wp-content\/uploads\/2025\/02\/20240326_105704-1024x768.jpg 1024w, https:\/\/physio-spaeti.ch\/wp-content\/uploads\/2025\/02\/20240326_105704-300x225.jpg 300w, https:\/\/physio-spaeti.ch\/wp-content\/uploads\/2025\/02\/20240326_105704-768x576.jpg 768w, https:\/\/physio-spaeti.ch\/wp-content\/uploads\/2025\/02\/20240326_105704-1536x1152.jpg 1536w, https:\/\/physio-spaeti.ch\/wp-content\/uploads\/2025\/02\/20240326_105704-2048x1536.jpg 2048w\" sizes=\"auto, (max-width: 1024px) 100vw, 1024px\" \/><\/figure>\n\n\n\n<figure class=\"wp-block-image size-large\"><img loading=\"lazy\" decoding=\"async\" width=\"1024\" height=\"768\" data-id=\"1081\" src=\"https:\/\/physio-spaeti.ch\/wp-content\/uploads\/2025\/02\/20240402_102159-1024x768.jpg\" alt=\"\" class=\"wp-image-1081\" srcset=\"https:\/\/physio-spaeti.ch\/wp-content\/uploads\/2025\/02\/20240402_102159-1024x768.jpg 1024w, https:\/\/physio-spaeti.ch\/wp-content\/uploads\/2025\/02\/20240402_102159-300x225.jpg 300w, https:\/\/physio-spaeti.ch\/wp-content\/uploads\/2025\/02\/20240402_102159-768x576.jpg 768w, https:\/\/physio-spaeti.ch\/wp-content\/uploads\/2025\/02\/20240402_102159-1536x1152.jpg 1536w, https:\/\/physio-spaeti.ch\/wp-content\/uploads\/2025\/02\/20240402_102159-2048x1536.jpg 2048w\" sizes=\"auto, (max-width: 1024px) 100vw, 1024px\" \/><\/figure>\n\n\n\n<figure class=\"wp-block-image size-large\"><img loading=\"lazy\" decoding=\"async\" width=\"1024\" height=\"768\" data-id=\"1080\" src=\"https:\/\/physio-spaeti.ch\/wp-content\/uploads\/2025\/02\/20240402_110206-1024x768.jpg\" alt=\"\" class=\"wp-image-1080\" srcset=\"https:\/\/physio-spaeti.ch\/wp-content\/uploads\/2025\/02\/20240402_110206-1024x768.jpg 1024w, https:\/\/physio-spaeti.ch\/wp-content\/uploads\/2025\/02\/20240402_110206-300x225.jpg 300w, https:\/\/physio-spaeti.ch\/wp-content\/uploads\/2025\/02\/20240402_110206-768x576.jpg 768w, https:\/\/physio-spaeti.ch\/wp-content\/uploads\/2025\/02\/20240402_110206-1536x1152.jpg 1536w, https:\/\/physio-spaeti.ch\/wp-content\/uploads\/2025\/02\/20240402_110206-2048x1536.jpg 2048w\" sizes=\"auto, (max-width: 1024px) 100vw, 1024px\" \/><\/figure>\n\n\n\n<figure class=\"wp-block-image size-large\"><img loading=\"lazy\" decoding=\"async\" width=\"1024\" height=\"768\" data-id=\"1084\" src=\"https:\/\/physio-spaeti.ch\/wp-content\/uploads\/2025\/02\/IMG_20220608_100334-1024x768.jpg\" alt=\"\" class=\"wp-image-1084\" srcset=\"https:\/\/physio-spaeti.ch\/wp-content\/uploads\/2025\/02\/IMG_20220608_100334-1024x768.jpg 1024w, https:\/\/physio-spaeti.ch\/wp-content\/uploads\/2025\/02\/IMG_20220608_100334-300x225.jpg 300w, https:\/\/physio-spaeti.ch\/wp-content\/uploads\/2025\/02\/IMG_20220608_100334-768x576.jpg 768w, https:\/\/physio-spaeti.ch\/wp-content\/uploads\/2025\/02\/IMG_20220608_100334-1536x1152.jpg 1536w, https:\/\/physio-spaeti.ch\/wp-content\/uploads\/2025\/02\/IMG_20220608_100334-2048x1536.jpg 2048w\" sizes=\"auto, (max-width: 1024px) 100vw, 1024px\" \/><\/figure>\n\n\n\n<figure class=\"wp-block-image size-large\"><img loading=\"lazy\" decoding=\"async\" width=\"1024\" height=\"768\" data-id=\"1085\" src=\"https:\/\/physio-spaeti.ch\/wp-content\/uploads\/2025\/02\/IMG_20220907_093459-1024x768.jpg\" alt=\"\" class=\"wp-image-1085\" srcset=\"https:\/\/physio-spaeti.ch\/wp-content\/uploads\/2025\/02\/IMG_20220907_093459-1024x768.jpg 1024w, https:\/\/physio-spaeti.ch\/wp-content\/uploads\/2025\/02\/IMG_20220907_093459-300x225.jpg 300w, https:\/\/physio-spaeti.ch\/wp-content\/uploads\/2025\/02\/IMG_20220907_093459-768x576.jpg 768w, https:\/\/physio-spaeti.ch\/wp-content\/uploads\/2025\/02\/IMG_20220907_093459-1536x1152.jpg 1536w, https:\/\/physio-spaeti.ch\/wp-content\/uploads\/2025\/02\/IMG_20220907_093459-2048x1536.jpg 2048w\" sizes=\"auto, (max-width: 1024px) 100vw, 1024px\" \/><\/figure>\n\n\n\n<figure class=\"wp-block-image size-large\"><img loading=\"lazy\" decoding=\"async\" width=\"1024\" height=\"768\" data-id=\"1083\" src=\"https:\/\/physio-spaeti.ch\/wp-content\/uploads\/2025\/02\/IMG_20221012_091628-1024x768.jpg\" alt=\"\" class=\"wp-image-1083\" srcset=\"https:\/\/physio-spaeti.ch\/wp-content\/uploads\/2025\/02\/IMG_20221012_091628-1024x768.jpg 1024w, https:\/\/physio-spaeti.ch\/wp-content\/uploads\/2025\/02\/IMG_20221012_091628-300x225.jpg 300w, https:\/\/physio-spaeti.ch\/wp-content\/uploads\/2025\/02\/IMG_20221012_091628-768x576.jpg 768w, https:\/\/physio-spaeti.ch\/wp-content\/uploads\/2025\/02\/IMG_20221012_091628-1536x1152.jpg 1536w, https:\/\/physio-spaeti.ch\/wp-content\/uploads\/2025\/02\/IMG_20221012_091628-2048x1536.jpg 2048w\" sizes=\"auto, (max-width: 1024px) 100vw, 1024px\" \/><\/figure>\n<\/figure>\n","protected":false},"excerpt":{"rendered":"<p>Ein herzliches Dankesch\u00f6n f\u00fcr das Vertrauen und die Unterst\u00fctzung! Es war eine Freude, die Babys und Eltern im Kurs begleiten zu d\u00fcrfen und ihre Fortschritte zu erleben. Ich freuen mich, einige der im Kurs entstandenen Fotos und Bilder nutzen zu d\u00fcrfen, um die besonderen Momente festzuhalten und zu teilen. Vielen Dank f\u00fcr das Vertrauen \u2013 [&hellip;]<\/p>\n","protected":false},"author":2,"featured_media":0,"parent":0,"menu_order":0,"comment_status":"closed","ping_status":"closed","template":"","meta":{"_themeisle_gutenberg_block_has_review":false,"footnotes":""},"class_list":["post-1076","page","type-page","status-publish","hentry"],"_links":{"self":[{"href":"https:\/\/physio-spaeti.ch\/index.php\/wp-json\/wp\/v2\/pages\/1076","targetHints":{"allow":["GET"]}}],"collection":[{"href":"https:\/\/physio-spaeti.ch\/index.php\/wp-json\/wp\/v2\/pages"}],"about":[{"href":"https:\/\/physio-spaeti.ch\/index.php\/wp-json\/wp\/v2\/types\/page"}],"author":[{"embeddable":true,"href":"https:\/\/physio-spaeti.ch\/index.php\/wp-json\/wp\/v2\/users\/2"}],"replies":[{"embeddable":true,"href":"https:\/\/physio-spaeti.ch\/index.php\/wp-json\/wp\/v2\/comments?post=1076"}],"version-history":[{"count":3,"href":"https:\/\/physio-spaeti.ch\/index.php\/wp-json\/wp\/v2\/pages\/1076\/revisions"}],"predecessor-version":[{"id":1097,"href":"https:\/\/physio-spaeti.ch\/index.php\/wp-json\/wp\/v2\/pages\/1076\/revisions\/1097"}],"wp:attachment":[{"href":"https:\/\/physio-spaeti.ch\/index.php\/wp-json\/wp\/v2\/media?parent=1076"}],"curies":[{"name":"wp","href":"https:\/\/api.w.org\/{rel}","templated":true}]}}