{"id":1017,"date":"2025-01-31T21:32:43","date_gmt":"2025-01-31T20:32:43","guid":{"rendered":"https:\/\/physio-spaeti.ch\/?page_id=1017"},"modified":"2026-02-19T21:06:45","modified_gmt":"2026-02-19T20:06:45","slug":"babymassagekurs","status":"publish","type":"page","link":"https:\/\/physio-spaeti.ch\/index.php\/babymassagekurs\/","title":{"rendered":"Babymassagekurs"},"content":{"rendered":"\n<div id=\"wp-block-themeisle-blocks-advanced-columns-ded216d0\" class=\"wp-block-themeisle-blocks-advanced-columns has-2-columns has-desktop-twoOne-layout has-tablet-equal-layout has-mobile-collapsedRows-layout has-vertical-unset\"><div class=\"wp-block-themeisle-blocks-advanced-columns-overlay\"><\/div><div class=\"innerblocks-wrap\">\n<div id=\"wp-block-themeisle-blocks-advanced-column-3539174f\" class=\"wp-block-themeisle-blocks-advanced-column\">\n<p>Ich freue mich sehr, euch und eure Babys in meinem Babymassagekurs nach den Richtlinien der <strong>International Association of Infant Massage (IAIM)<\/strong> willkommen zu hei\u00dfen. In den kommenden Einheiten werden wir uns intensiv mit der wohltuenden Kunst der Babymassage besch\u00e4ftigen.<\/p>\n\n\n\n<p>Babymassage ist eine wunderbare M\u00f6glichkeit, die Bindung zwischen euch und eurem Baby zu st\u00e4rken. Sie f\u00f6rdert Entspannung, unterst\u00fctzt die k\u00f6rperliche und emotionale Entwicklung und kann Beschwerden wie Koliken oder Unruhezust\u00e4nde lindern. Die von <strong>Vimala McClure<\/strong> entwickelte Babymassage kombiniert <strong>indische <\/strong>und <strong>schwedische Massagetechniken<\/strong>, beinhaltet Aspekte der <strong>Fu\u00dfreflexzonenbehandlung<\/strong> und nutzt <strong>Entspannungstechniken aus dem Yoga<\/strong>. Neben den praktischen Massagetechniken besch\u00e4ftigen wir uns auch mit Themen wie nonverbaler Kommunikation, den Signalen eures Babys und der F\u00f6rderung einer liebevollen Eltern-Kind-Interaktion.<\/p>\n\n\n\n<p>Ein zentraler Grundsatz meines Kurses \u2013 und der Philosophie der IAIM \u2013 ist es, Babys <strong>zu jedem Zeitpunkt mit Respekt und Liebe zu begegnen<\/strong>. Jedes Baby ist einzigartig, und ich lade euch ein, die Signale eurer Kinder bewusst wahrzunehmen und auf ihre individuellen Bed\u00fcrfnisse einzugehen. Mein Ziel ist es, euch in einer <strong>wertsch\u00e4tzenden und unterst\u00fctzenden Atmosph\u00e4re<\/strong> zu begleiten, in der ihr euch wohlf\u00fchlen und eure Erfahrungen austauschen k\u00f6nnt.<\/p>\n\n\n\n<p>Ich freue mich darauf, euch in dieser besonderen Zeit zu begleiten und gemeinsam mit euch die vielen positiven Aspekte der Babymassage zu entdecken.<\/p>\n\n\n\n<details class=\"wp-block-details is-layout-flow wp-block-details-is-layout-flow\"><summary>Inhalt Kursablauf<\/summary>\n<ul class=\"wp-block-list\">\n<li>Du lernst die Ganzk\u00f6rpermassage an deinem Baby<\/li>\n<\/ul>\n\n\n\n<ul class=\"wp-block-list\">\n<li>Techniken speziell bei Bl\u00e4hungen und Koliken<\/li>\n<\/ul>\n\n\n\n<ul class=\"wp-block-list\">\n<li>F\u00f6rderst die psychische, physische und emotionale Entwicklung deines Babys<\/li>\n<\/ul>\n\n\n\n<ul class=\"wp-block-list\">\n<li>Lernst Massagegriffe beim heranwachsendem Kind<\/li>\n<\/ul>\n\n\n\n<ul class=\"wp-block-list\">\n<li>Bed\u00fcrfnisse deines Babys zu lesen und zu befriedigen<\/li>\n<\/ul>\n\n\n\n<ul class=\"wp-block-list\">\n<li>Lernst Kommunikationsarten zwischen Baby und Massierenden<\/li>\n<\/ul>\n\n\n\n<ul class=\"wp-block-list\">\n<li>Massage bei Kindern mit besonderen Bed\u00fcrfnissen<\/li>\n<\/ul>\n\n\n\n<ul class=\"wp-block-list\">\n<li>Bekommst einen anregenden Erfahrungsaustausch in der Gruppe<\/li>\n<\/ul>\n<\/details>\n<\/div>\n\n\n\n<div id=\"wp-block-themeisle-blocks-advanced-column-aa6b203a\" class=\"wp-block-themeisle-blocks-advanced-column\">\n<ul class=\"wp-block-list\">\n<li>3-4 Treffen zu 60-90 Minuten<\/li>\n\n\n\n<li>195.00.- Fr pro Familie<\/li>\n\n\n\n<li>inkl. Kursmaterial <\/li>\n\n\n\n<li>Babys ab 4 Wochen bis zum Krabbelalter<\/li>\n\n\n\n<li>Kann an die Krankenkasse oder Zusatzversicherung weiterleitet werden.<\/li>\n<\/ul>\n\n\n\n<p><\/p>\n\n\n\n<p><\/p>\n\n\n\n<ul class=\"wp-block-list\">\n<li>Wo: <strong>Privat <\/strong>bei dir Zuhause oder in meinem Studio in Heinrichswil<\/li>\n\n\n\n<li>info@physio-spaeti.ch<\/li>\n<\/ul>\n\n\n\n<p><\/p>\n\n\n\n<p><\/p>\n<\/div>\n<\/div><\/div>\n\n\n\n<div class=\"wp-block-cover is-light\"><img loading=\"lazy\" decoding=\"async\" width=\"2560\" height=\"1707\" class=\"wp-block-cover__image-background wp-image-962\" alt=\"\" src=\"https:\/\/physio-spaeti.ch\/wp-content\/uploads\/2025\/01\/fav4-scaled.jpg\" data-object-fit=\"cover\" srcset=\"https:\/\/physio-spaeti.ch\/wp-content\/uploads\/2025\/01\/fav4-scaled.jpg 2560w, https:\/\/physio-spaeti.ch\/wp-content\/uploads\/2025\/01\/fav4-300x200.jpg 300w, https:\/\/physio-spaeti.ch\/wp-content\/uploads\/2025\/01\/fav4-1024x683.jpg 1024w, https:\/\/physio-spaeti.ch\/wp-content\/uploads\/2025\/01\/fav4-768x512.jpg 768w, https:\/\/physio-spaeti.ch\/wp-content\/uploads\/2025\/01\/fav4-1536x1024.jpg 1536w, https:\/\/physio-spaeti.ch\/wp-content\/uploads\/2025\/01\/fav4-2048x1365.jpg 2048w, https:\/\/physio-spaeti.ch\/wp-content\/uploads\/2025\/01\/fav4-930x620.jpg 930w\" sizes=\"auto, (max-width: 2560px) 100vw, 2560px\" \/><span aria-hidden=\"true\" class=\"wp-block-cover__background has-background-dim\" style=\"background-color:#948c82\"><\/span><div class=\"wp-block-cover__inner-container has-global-padding is-layout-constrained wp-block-cover-is-layout-constrained\">\n<p class=\"has-text-align-center has-contrast-light-color has-text-color has-link-color has-large-font-size wp-elements-6dcade3a52e0f56ab9028be4c257544b\"><mark style=\"background-color:rgba(0, 0, 0, 0)\" class=\"has-inline-color has-contrast-light-color\">Aktuelle Kursdaten:<\/mark> 2. + 9. M\u00e4rz 14.00 Uhr und 29.M\u00e4rz 10.00 Uhr, Studio Heinrichswil<\/p>\n\n\n\n<p class=\"has-text-align-center has-contrast-light-color has-text-color has-link-color wp-elements-10af0dc671ed7dca1dd750612ab9a1a7\">Individuell anpassbar: Ihr seit eine Gruppe von mind. 4 Leuten und m\u00f6chtet einen Privatkurs-kein Problem!<\/p>\n\n\n\n<p class=\"has-text-align-center has-contrast-light-color has-text-color has-link-color wp-elements-01d2158f1ec13e64db4c83583cbf2d8f\">Du bist noch alleine mit deinem Baby- dann sammeln wir und bilden eine tolle Gruppe f\u00fcr dich.<\/p>\n\n\n\n<p class=\"has-text-align-center has-contrast-light-color has-text-color has-link-color wp-elements-47271f24b3f2dd6faf804472e842b3f2\">Montagnachmittag, Mittwochmorgen, Freitagmorgen oder am Samstag stehe ich f\u00fcr euch bereit.<\/p>\n\n\n\n<p class=\"has-text-align-center\"><\/p>\n\n\n\n<div class=\"wp-block-buttons is-content-justification-center is-layout-flex wp-container-core-buttons-is-layout-a89b3969 wp-block-buttons-is-layout-flex\">\n<div class=\"wp-block-button\"><a class=\"wp-block-button__link has-text-align-center wp-element-button\" href=\"https:\/\/physio-spaeti.ch\/index.php\/anmeldung-babymassagekurs\/\">Anmeldung<\/a><\/div>\n<\/div>\n<\/div><\/div>\n\n\n\n<p><\/p>\n","protected":false},"excerpt":{"rendered":"","protected":false},"author":2,"featured_media":1011,"parent":0,"menu_order":0,"comment_status":"closed","ping_status":"closed","template":"","meta":{"_themeisle_gutenberg_block_has_review":false,"footnotes":""},"class_list":["post-1017","page","type-page","status-publish","has-post-thumbnail","hentry"],"_links":{"self":[{"href":"https:\/\/physio-spaeti.ch\/index.php\/wp-json\/wp\/v2\/pages\/1017","targetHints":{"allow":["GET"]}}],"collection":[{"href":"https:\/\/physio-spaeti.ch\/index.php\/wp-json\/wp\/v2\/pages"}],"about":[{"href":"https:\/\/physio-spaeti.ch\/index.php\/wp-json\/wp\/v2\/types\/page"}],"author":[{"embeddable":true,"href":"https:\/\/physio-spaeti.ch\/index.php\/wp-json\/wp\/v2\/users\/2"}],"replies":[{"embeddable":true,"href":"https:\/\/physio-spaeti.ch\/index.php\/wp-json\/wp\/v2\/comments?post=1017"}],"version-history":[{"count":27,"href":"https:\/\/physio-spaeti.ch\/index.php\/wp-json\/wp\/v2\/pages\/1017\/revisions"}],"predecessor-version":[{"id":1124,"href":"https:\/\/physio-spaeti.ch\/index.php\/wp-json\/wp\/v2\/pages\/1017\/revisions\/1124"}],"wp:featuredmedia":[{"embeddable":true,"href":"https:\/\/physio-spaeti.ch\/index.php\/wp-json\/wp\/v2\/media\/1011"}],"wp:attachment":[{"href":"https:\/\/physio-spaeti.ch\/index.php\/wp-json\/wp\/v2\/media?parent=1017"}],"curies":[{"name":"wp","href":"https:\/\/api.w.org\/{rel}","templated":true}]}}